{"id":131,"date":"2018-09-12T16:17:43","date_gmt":"2018-09-12T13:17:43","guid":{"rendered":"http:\/\/lavila.fi\/neitirubinstein\/wordpress\/?page_id=131"},"modified":"2018-09-12T16:17:43","modified_gmt":"2018-09-12T13:17:43","slug":"kuvat-2","status":"publish","type":"page","link":"https:\/\/neitirubinstein.com\/?page_id=131","title":{"rendered":"Kuvat"},"content":{"rendered":"<div\n\tclass=\"ngg-galleryoverview ngg-ajax-pagination-none\"\n\tid=\"ngg-gallery-5a382ae77bfb4616b505319934eff1f9-1\">\n\n    \t<div class=\"slideshowlink\">\n        <a href='https:\/\/neitirubinstein.com\/index.php\/nggallery\/slideshow?page_id=131'>&#091;N\u00e4yt\u00e4 diashow&#093;<\/a>\n\t\t\n\t<\/div>\n\t\t\t<!-- Thumbnails -->\n\t\t\t\t<div id=\"ngg-image-0\" class=\"ngg-gallery-thumbnail-box\" >\n\t\t\t\t        <div class=\"ngg-gallery-thumbnail\">\n            <a href=\"https:\/\/neitirubinstein.com\/wp-content\/gallery\/keikkakuvia\/IMG-20161005-WA0001.jpg\"\n               title=\"\"\n               data-src=\"https:\/\/neitirubinstein.com\/wp-content\/gallery\/keikkakuvia\/IMG-20161005-WA0001.jpg\"\n               data-thumbnail=\"https:\/\/neitirubinstein.com\/wp-content\/gallery\/keikkakuvia\/thumbs\/thumbs_IMG-20161005-WA0001.jpg\"\n               data-image-id=\"23\"\n               data-title=\"Kuva: Marko H\u00e4m\u00e4l\u00e4inen\"\n               data-description=\"\"\n               data-image-slug=\"kuva-marko-hamalainen\"\n               class=\"ngg-fancybox\" rel=\"5a382ae77bfb4616b505319934eff1f9\">\n                <img\n                    title=\"Kuva: Marko H\u00e4m\u00e4l\u00e4inen\"\n                    alt=\"Kuva: Marko H\u00e4m\u00e4l\u00e4inen\"\n                    src=\"https:\/\/neitirubinstein.com\/wp-content\/gallery\/keikkakuvia\/thumbs\/thumbs_IMG-20161005-WA0001.jpg\"\n                    width=\"240\"\n                    height=\"160\"\n                    style=\"max-width:100%;\"\n                \/>\n            <\/a>\n        <\/div>\n\t\t\t\t\t\t\t<\/div> \n\t\t\t\n        \n\t\t\t\t<div id=\"ngg-image-1\" class=\"ngg-gallery-thumbnail-box\" >\n\t\t\t\t        <div class=\"ngg-gallery-thumbnail\">\n            <a href=\"https:\/\/neitirubinstein.com\/wp-content\/gallery\/kummitustalo\/promo-1.jpg\"\n               title=\"\"\n               data-src=\"https:\/\/neitirubinstein.com\/wp-content\/gallery\/kummitustalo\/promo-1.jpg\"\n               data-thumbnail=\"https:\/\/neitirubinstein.com\/wp-content\/gallery\/kummitustalo\/thumbs\/thumbs_promo-1.jpg\"\n               data-image-id=\"24\"\n               data-title=\"promo 1\"\n               data-description=\"\"\n               data-image-slug=\"promo-1\"\n               class=\"ngg-fancybox\" rel=\"5a382ae77bfb4616b505319934eff1f9\">\n                <img\n                    title=\"promo 1\"\n                    alt=\"promo 1\"\n                    src=\"https:\/\/neitirubinstein.com\/wp-content\/gallery\/kummitustalo\/thumbs\/thumbs_promo-1.jpg\"\n                    width=\"240\"\n                    height=\"160\"\n                    style=\"max-width:100%;\"\n                \/>\n            <\/a>\n        <\/div>\n\t\t\t\t\t\t\t<\/div> \n\t\t\t\n        \n\t\t\t\t<div id=\"ngg-image-2\" class=\"ngg-gallery-thumbnail-box\" >\n\t\t\t\t        <div class=\"ngg-gallery-thumbnail\">\n            <a href=\"https:\/\/neitirubinstein.com\/wp-content\/gallery\/keikkakuvia\/28943717_10214465293879898_1573518045_o.jpg\"\n               title=\"\"\n               data-src=\"https:\/\/neitirubinstein.com\/wp-content\/gallery\/keikkakuvia\/28943717_10214465293879898_1573518045_o.jpg\"\n               data-thumbnail=\"https:\/\/neitirubinstein.com\/wp-content\/gallery\/keikkakuvia\/thumbs\/thumbs_28943717_10214465293879898_1573518045_o.jpg\"\n               data-image-id=\"19\"\n               data-title=\"Kuva: Kimmo Strausz\"\n               data-description=\"\"\n               data-image-slug=\"kuva-kimmo-strausz\"\n               class=\"ngg-fancybox\" rel=\"5a382ae77bfb4616b505319934eff1f9\">\n                <img\n                    title=\"Kuva: Kimmo Strausz\"\n                    alt=\"Kuva: Kimmo Strausz\"\n                    src=\"https:\/\/neitirubinstein.com\/wp-content\/gallery\/keikkakuvia\/thumbs\/thumbs_28943717_10214465293879898_1573518045_o.jpg\"\n                    width=\"240\"\n                    height=\"160\"\n                    style=\"max-width:100%;\"\n                \/>\n            <\/a>\n        <\/div>\n\t\t\t\t\t\t\t<\/div> \n\t\t\t\n        \n\t\t\t\t<div id=\"ngg-image-3\" class=\"ngg-gallery-thumbnail-box\" >\n\t\t\t\t        <div class=\"ngg-gallery-thumbnail\">\n            <a href=\"https:\/\/neitirubinstein.com\/wp-content\/gallery\/kummitustalo\/Promo-3..jpg\"\n               title=\"\"\n               data-src=\"https:\/\/neitirubinstein.com\/wp-content\/gallery\/kummitustalo\/Promo-3..jpg\"\n               data-thumbnail=\"https:\/\/neitirubinstein.com\/wp-content\/gallery\/kummitustalo\/thumbs\/thumbs_Promo-3..jpg\"\n               data-image-id=\"25\"\n               data-title=\"Promo 3.\"\n               data-description=\"\"\n               data-image-slug=\"promo-3\"\n               class=\"ngg-fancybox\" rel=\"5a382ae77bfb4616b505319934eff1f9\">\n                <img\n                    title=\"Promo 3.\"\n                    alt=\"Promo 3.\"\n                    src=\"https:\/\/neitirubinstein.com\/wp-content\/gallery\/kummitustalo\/thumbs\/thumbs_Promo-3..jpg\"\n                    width=\"240\"\n                    height=\"160\"\n                    style=\"max-width:100%;\"\n                \/>\n            <\/a>\n        <\/div>\n\t\t\t\t\t\t\t<\/div> \n\t\t\t\n        \n\t\t\t\t<div id=\"ngg-image-4\" class=\"ngg-gallery-thumbnail-box\" >\n\t\t\t\t        <div class=\"ngg-gallery-thumbnail\">\n            <a href=\"https:\/\/neitirubinstein.com\/wp-content\/gallery\/keikkakuvia\/IMG_0436.JPG\"\n               title=\"\"\n               data-src=\"https:\/\/neitirubinstein.com\/wp-content\/gallery\/keikkakuvia\/IMG_0436.JPG\"\n               data-thumbnail=\"https:\/\/neitirubinstein.com\/wp-content\/gallery\/keikkakuvia\/thumbs\/thumbs_IMG_0436.JPG\"\n               data-image-id=\"20\"\n               data-title=\"Kuva: Marko H\u00e4m\u00e4l\u00e4inen\"\n               data-description=\"\"\n               data-image-slug=\"kuva-marko-hamalainen-1\"\n               class=\"ngg-fancybox\" rel=\"5a382ae77bfb4616b505319934eff1f9\">\n                <img\n                    title=\"Kuva: Marko H\u00e4m\u00e4l\u00e4inen\"\n                    alt=\"Kuva: Marko H\u00e4m\u00e4l\u00e4inen\"\n                    src=\"https:\/\/neitirubinstein.com\/wp-content\/gallery\/keikkakuvia\/thumbs\/thumbs_IMG_0436.JPG\"\n                    width=\"240\"\n                    height=\"160\"\n                    style=\"max-width:100%;\"\n                \/>\n            <\/a>\n        <\/div>\n\t\t\t\t\t\t\t<\/div> \n\t\t\t\n        \n\t\t\t\t<div id=\"ngg-image-5\" class=\"ngg-gallery-thumbnail-box\" >\n\t\t\t\t        <div class=\"ngg-gallery-thumbnail\">\n            <a href=\"https:\/\/neitirubinstein.com\/wp-content\/gallery\/kummitustalo\/Promo-6..jpg\"\n               title=\"\"\n               data-src=\"https:\/\/neitirubinstein.com\/wp-content\/gallery\/kummitustalo\/Promo-6..jpg\"\n               data-thumbnail=\"https:\/\/neitirubinstein.com\/wp-content\/gallery\/kummitustalo\/thumbs\/thumbs_Promo-6..jpg\"\n               data-image-id=\"26\"\n               data-title=\"Promo 6.\"\n               data-description=\"\"\n               data-image-slug=\"promo-6\"\n               class=\"ngg-fancybox\" rel=\"5a382ae77bfb4616b505319934eff1f9\">\n                <img\n                    title=\"Promo 6.\"\n                    alt=\"Promo 6.\"\n                    src=\"https:\/\/neitirubinstein.com\/wp-content\/gallery\/kummitustalo\/thumbs\/thumbs_Promo-6..jpg\"\n                    width=\"240\"\n                    height=\"160\"\n                    style=\"max-width:100%;\"\n                \/>\n            <\/a>\n        <\/div>\n\t\t\t\t\t\t\t<\/div> \n\t\t\t\n        \n\t\t\t\t<div id=\"ngg-image-6\" class=\"ngg-gallery-thumbnail-box\" >\n\t\t\t\t        <div class=\"ngg-gallery-thumbnail\">\n            <a href=\"https:\/\/neitirubinstein.com\/wp-content\/gallery\/kummitustalo\/IMG_4250.jpg\"\n               title=\"\"\n               data-src=\"https:\/\/neitirubinstein.com\/wp-content\/gallery\/kummitustalo\/IMG_4250.jpg\"\n               data-thumbnail=\"https:\/\/neitirubinstein.com\/wp-content\/gallery\/kummitustalo\/thumbs\/thumbs_IMG_4250.jpg\"\n               data-image-id=\"1\"\n               data-title=\"Kuva: Kai Lavila\"\n               data-description=\"\"\n               data-image-slug=\"img_4250\"\n               class=\"ngg-fancybox\" rel=\"5a382ae77bfb4616b505319934eff1f9\">\n                <img\n                    title=\"Kuva: Kai Lavila\"\n                    alt=\"Kuva: Kai Lavila\"\n                    src=\"https:\/\/neitirubinstein.com\/wp-content\/gallery\/kummitustalo\/thumbs\/thumbs_IMG_4250.jpg\"\n                    width=\"240\"\n                    height=\"160\"\n                    style=\"max-width:100%;\"\n                \/>\n            <\/a>\n        <\/div>\n\t\t\t\t\t\t\t<\/div> \n\t\t\t\n        \n\t\t\t\t<div id=\"ngg-image-7\" class=\"ngg-gallery-thumbnail-box\" >\n\t\t\t\t        <div class=\"ngg-gallery-thumbnail\">\n            <a href=\"https:\/\/neitirubinstein.com\/wp-content\/gallery\/keikkakuvia\/IMG_0438.JPG\"\n               title=\"\"\n               data-src=\"https:\/\/neitirubinstein.com\/wp-content\/gallery\/keikkakuvia\/IMG_0438.JPG\"\n               data-thumbnail=\"https:\/\/neitirubinstein.com\/wp-content\/gallery\/keikkakuvia\/thumbs\/thumbs_IMG_0438.JPG\"\n               data-image-id=\"21\"\n               data-title=\"Kuva: Marko H\u00e4m\u00e4l\u00e4inen\"\n               data-description=\"\"\n               data-image-slug=\"kuva-marko-hamalainen-2\"\n               class=\"ngg-fancybox\" rel=\"5a382ae77bfb4616b505319934eff1f9\">\n                <img\n                    title=\"Kuva: Marko H\u00e4m\u00e4l\u00e4inen\"\n                    alt=\"Kuva: Marko H\u00e4m\u00e4l\u00e4inen\"\n                    src=\"https:\/\/neitirubinstein.com\/wp-content\/gallery\/keikkakuvia\/thumbs\/thumbs_IMG_0438.JPG\"\n                    width=\"240\"\n                    height=\"160\"\n                    style=\"max-width:100%;\"\n                \/>\n            <\/a>\n        <\/div>\n\t\t\t\t\t\t\t<\/div> \n\t\t\t\n        \n\t\t\t\t<div id=\"ngg-image-8\" class=\"ngg-gallery-thumbnail-box\" >\n\t\t\t\t        <div class=\"ngg-gallery-thumbnail\">\n            <a href=\"https:\/\/neitirubinstein.com\/wp-content\/gallery\/keikkakuvia\/IMG_3005.JPG\"\n               title=\"\"\n               data-src=\"https:\/\/neitirubinstein.com\/wp-content\/gallery\/keikkakuvia\/IMG_3005.JPG\"\n               data-thumbnail=\"https:\/\/neitirubinstein.com\/wp-content\/gallery\/keikkakuvia\/thumbs\/thumbs_IMG_3005.JPG\"\n               data-image-id=\"22\"\n               data-title=\"Kuva: Matti Myllyaho\"\n               data-description=\"\"\n               data-image-slug=\"kuva-matti-myllyaho\"\n               class=\"ngg-fancybox\" rel=\"5a382ae77bfb4616b505319934eff1f9\">\n                <img\n                    title=\"Kuva: Matti Myllyaho\"\n                    alt=\"Kuva: Matti Myllyaho\"\n                    src=\"https:\/\/neitirubinstein.com\/wp-content\/gallery\/keikkakuvia\/thumbs\/thumbs_IMG_3005.JPG\"\n                    width=\"240\"\n                    height=\"160\"\n                    style=\"max-width:100%;\"\n                \/>\n            <\/a>\n        <\/div>\n\t\t\t\t\t\t\t<\/div> \n\t\t\t\n        \n\t\t\t\t<div id=\"ngg-image-9\" class=\"ngg-gallery-thumbnail-box\" >\n\t\t\t\t        <div class=\"ngg-gallery-thumbnail\">\n            <a href=\"https:\/\/neitirubinstein.com\/wp-content\/gallery\/kummitustalo\/IMG_4313.jpg\"\n               title=\"\"\n               data-src=\"https:\/\/neitirubinstein.com\/wp-content\/gallery\/kummitustalo\/IMG_4313.jpg\"\n               data-thumbnail=\"https:\/\/neitirubinstein.com\/wp-content\/gallery\/kummitustalo\/thumbs\/thumbs_IMG_4313.jpg\"\n               data-image-id=\"6\"\n               data-title=\"Kuva: Kai Lavila\"\n               data-description=\"\"\n               data-image-slug=\"img_4313\"\n               class=\"ngg-fancybox\" rel=\"5a382ae77bfb4616b505319934eff1f9\">\n                <img\n                    title=\"Kuva: Kai Lavila\"\n                    alt=\"Kuva: Kai Lavila\"\n                    src=\"https:\/\/neitirubinstein.com\/wp-content\/gallery\/kummitustalo\/thumbs\/thumbs_IMG_4313.jpg\"\n                    width=\"240\"\n                    height=\"160\"\n                    style=\"max-width:100%;\"\n                \/>\n            <\/a>\n        <\/div>\n\t\t\t\t\t\t\t<\/div> \n\t\t\t\n        \n\t\t\t\t<div id=\"ngg-image-10\" class=\"ngg-gallery-thumbnail-box\" >\n\t\t\t\t        <div class=\"ngg-gallery-thumbnail\">\n            <a href=\"https:\/\/neitirubinstein.com\/wp-content\/gallery\/kummitustalo\/IMG_4335.jpg\"\n               title=\"\"\n               data-src=\"https:\/\/neitirubinstein.com\/wp-content\/gallery\/kummitustalo\/IMG_4335.jpg\"\n               data-thumbnail=\"https:\/\/neitirubinstein.com\/wp-content\/gallery\/kummitustalo\/thumbs\/thumbs_IMG_4335.jpg\"\n               data-image-id=\"10\"\n               data-title=\"Kuva: Kai Lavila\"\n               data-description=\"\"\n               data-image-slug=\"img_4335\"\n               class=\"ngg-fancybox\" rel=\"5a382ae77bfb4616b505319934eff1f9\">\n                <img\n                    title=\"Kuva: Kai Lavila\"\n                    alt=\"Kuva: Kai Lavila\"\n                    src=\"https:\/\/neitirubinstein.com\/wp-content\/gallery\/kummitustalo\/thumbs\/thumbs_IMG_4335.jpg\"\n                    width=\"240\"\n                    height=\"160\"\n                    style=\"max-width:100%;\"\n                \/>\n            <\/a>\n        <\/div>\n\t\t\t\t\t\t\t<\/div> \n\t\t\t\n        \n\t\t\t\t<div id=\"ngg-image-11\" class=\"ngg-gallery-thumbnail-box\" >\n\t\t\t\t        <div class=\"ngg-gallery-thumbnail\">\n            <a href=\"https:\/\/neitirubinstein.com\/wp-content\/gallery\/kummitustalo\/IMG_4341.jpg\"\n               title=\"\"\n               data-src=\"https:\/\/neitirubinstein.com\/wp-content\/gallery\/kummitustalo\/IMG_4341.jpg\"\n               data-thumbnail=\"https:\/\/neitirubinstein.com\/wp-content\/gallery\/kummitustalo\/thumbs\/thumbs_IMG_4341.jpg\"\n               data-image-id=\"13\"\n               data-title=\"Kuva: Kai Lavila\"\n               data-description=\"\"\n               data-image-slug=\"img_4341\"\n               class=\"ngg-fancybox\" rel=\"5a382ae77bfb4616b505319934eff1f9\">\n                <img\n                    title=\"Kuva: Kai Lavila\"\n                    alt=\"Kuva: Kai Lavila\"\n                    src=\"https:\/\/neitirubinstein.com\/wp-content\/gallery\/kummitustalo\/thumbs\/thumbs_IMG_4341.jpg\"\n                    width=\"240\"\n                    height=\"160\"\n                    style=\"max-width:100%;\"\n                \/>\n            <\/a>\n        <\/div>\n\t\t\t\t\t\t\t<\/div> \n\t\t\t\n        \n\t\t\t\t<div id=\"ngg-image-12\" class=\"ngg-gallery-thumbnail-box\" >\n\t\t\t\t        <div class=\"ngg-gallery-thumbnail\">\n            <a href=\"https:\/\/neitirubinstein.com\/wp-content\/gallery\/kummitustalo\/IMG_4367.jpg\"\n               title=\"\"\n               data-src=\"https:\/\/neitirubinstein.com\/wp-content\/gallery\/kummitustalo\/IMG_4367.jpg\"\n               data-thumbnail=\"https:\/\/neitirubinstein.com\/wp-content\/gallery\/kummitustalo\/thumbs\/thumbs_IMG_4367.jpg\"\n               data-image-id=\"14\"\n               data-title=\"Kuva: Kai Lavila\"\n               data-description=\"\"\n               data-image-slug=\"img_4367\"\n               class=\"ngg-fancybox\" rel=\"5a382ae77bfb4616b505319934eff1f9\">\n                <img\n                    title=\"Kuva: Kai Lavila\"\n                    alt=\"Kuva: Kai Lavila\"\n                    src=\"https:\/\/neitirubinstein.com\/wp-content\/gallery\/kummitustalo\/thumbs\/thumbs_IMG_4367.jpg\"\n                    width=\"240\"\n                    height=\"160\"\n                    style=\"max-width:100%;\"\n                \/>\n            <\/a>\n        <\/div>\n\t\t\t\t\t\t\t<\/div> \n\t\t\t\n        \n\t\t\t\t<div id=\"ngg-image-13\" class=\"ngg-gallery-thumbnail-box\" >\n\t\t\t\t        <div class=\"ngg-gallery-thumbnail\">\n            <a href=\"https:\/\/neitirubinstein.com\/wp-content\/gallery\/kummitustalo\/IMG_4418.jpg\"\n               title=\"\"\n               data-src=\"https:\/\/neitirubinstein.com\/wp-content\/gallery\/kummitustalo\/IMG_4418.jpg\"\n               data-thumbnail=\"https:\/\/neitirubinstein.com\/wp-content\/gallery\/kummitustalo\/thumbs\/thumbs_IMG_4418.jpg\"\n               data-image-id=\"17\"\n               data-title=\"Kuva: Kai Lavila\"\n               data-description=\"\"\n               data-image-slug=\"img_4418\"\n               class=\"ngg-fancybox\" rel=\"5a382ae77bfb4616b505319934eff1f9\">\n                <img\n                    title=\"Kuva: Kai Lavila\"\n                    alt=\"Kuva: Kai Lavila\"\n                    src=\"https:\/\/neitirubinstein.com\/wp-content\/gallery\/kummitustalo\/thumbs\/thumbs_IMG_4418.jpg\"\n                    width=\"240\"\n                    height=\"160\"\n                    style=\"max-width:100%;\"\n                \/>\n            <\/a>\n        <\/div>\n\t\t\t\t\t\t\t<\/div> \n\t\t\t\n        \n\t\t\n\t\t<!-- Pagination -->\n\t<div class='ngg-clear'><\/div>\t<\/div>\n\n","protected":false},"excerpt":{"rendered":"","protected":false},"author":1,"featured_media":0,"parent":0,"menu_order":0,"comment_status":"closed","ping_status":"closed","template":"","meta":[],"_links":{"self":[{"href":"https:\/\/neitirubinstein.com\/index.php?rest_route=\/wp\/v2\/pages\/131"}],"collection":[{"href":"https:\/\/neitirubinstein.com\/index.php?rest_route=\/wp\/v2\/pages"}],"about":[{"href":"https:\/\/neitirubinstein.com\/index.php?rest_route=\/wp\/v2\/types\/page"}],"author":[{"embeddable":true,"href":"https:\/\/neitirubinstein.com\/index.php?rest_route=\/wp\/v2\/users\/1"}],"replies":[{"embeddable":true,"href":"https:\/\/neitirubinstein.com\/index.php?rest_route=%2Fwp%2Fv2%2Fcomments&post=131"}],"version-history":[{"count":1,"href":"https:\/\/neitirubinstein.com\/index.php?rest_route=\/wp\/v2\/pages\/131\/revisions"}],"predecessor-version":[{"id":170,"href":"https:\/\/neitirubinstein.com\/index.php?rest_route=\/wp\/v2\/pages\/131\/revisions\/170"}],"wp:attachment":[{"href":"https:\/\/neitirubinstein.com\/index.php?rest_route=%2Fwp%2Fv2%2Fmedia&parent=131"}],"curies":[{"name":"wp","href":"https:\/\/api.w.org\/{rel}","templated":true}]}}